{"id":1326,"date":"2020-07-09T11:05:58","date_gmt":"2020-07-09T09:05:58","guid":{"rendered":"https:\/\/www.genesis-consult.com\/it-consultancy\/architecture\/"},"modified":"2021-03-02T08:43:47","modified_gmt":"2021-03-02T07:43:47","slug":"architectuur","status":"publish","type":"page","link":"https:\/\/www.genesis-consult.com\/nl\/it-consultancy\/architectuur\/","title":{"rendered":"Architectuur"},"content":{"rendered":"<section class=\"wpb-content-wrapper\"><p>[vc_row full_width=&#8221;stretch_row_content_no_spaces&#8221; equal_height=&#8221;yes&#8221; content_placement=&#8221;middle&#8221; bg_type=&#8221;image&#8221; parallax_style=&#8221;vcpb-default&#8221; bg_image_new=&#8221;id^666|url^https:\/\/www.genesis-consult.com\/wp-content\/uploads\/2021\/02\/bandeau-architecture.jpg|caption^null|alt^null|title^bandeau-architecture|description^null&#8221; bg_image_repeat=&#8221;no-repeat&#8221; bg_image_posiiton=&#8221;bottom right&#8221; bg_override=&#8221;ex-full&#8221;][vc_column css=&#8221;.vc_custom_1599056991227{padding-top: 50px !important;padding-right: 40px !important;padding-bottom: 30px !important;padding-left: 40px !important;background-position: center !important;background-repeat: no-repeat !important;background-size: cover !important;}&#8221; el_class=&#8221;custom-bg custom-height&#8221;][vc_row_inner][vc_column_inner offset=&#8221;vc_col-lg-6&#8243;][vc_column_text el_class=&#8221;custom-heading&#8221;]<\/p>\n<h1>Onze consultants in software-architectuur<\/h1>\n<p>[\/vc_column_text]<div class=\"hr-thin style-line hr-left\" style=\"width: 80%;border-top-width: 1px;\"><\/div>[\/vc_column_inner][\/vc_row_inner][\/vc_column][vc_column css_animation=&#8221;fadeInLeft&#8221; width=&#8221;3\/5&#8243; css=&#8221;.vc_custom_1594305408997{padding-top: 20px !important;padding-right: 20px !important;padding-bottom: 20px !important;padding-left: 20px !important;background-color: #254f78 !important;}&#8221; el_class=&#8221;custom-white&#8221;][vc_column_text el_class=&#8221;custom-white&#8221; css=&#8221;.vc_custom_1614267195290{margin-top: 15px !important;margin-bottom: 15px !important;}&#8221;]Een consultant-expert om uw technische oplossingen te analyseren en uw software-developers te ondersteunen.[\/vc_column_text][\/vc_column][vc_column width=&#8221;2\/5&#8243;][\/vc_column][\/vc_row][vc_row gap=&#8221;30&#8243; content_placement=&#8221;middle&#8221; bg_type=&#8221;bg_color&#8221; bg_override=&#8221;ex-full&#8221; el_class=&#8221;custom-bg-r&#8221; css=&#8221;.vc_custom_1597221936346{margin-top: 50px !important;margin-bottom: 50px !important;}&#8221;][vc_column width=&#8221;1\/2&#8243;][vc_column_text]<\/p>\n<h2><span class=\"h3-size\" style=\"opacity: .7;\">De software-architect zorgt voor ondersteuning <\/span><br \/>\nen harmonisatie en brengt zo uw projecten tot een goed einde<\/h2>\n<p>[\/vc_column_text]<div class=\"hr-thin style-line hr-left\" style=\"width: 80%;border-top-width: 1px;\"><\/div>[vc_column_text]Wenst u dat de <strong>implementering van uw software zo netjes en duurzaam mogelijk<\/strong> verloopt? Onze <strong>software-architecten<\/strong> ondersteunen uw ontwikkelaarsteams bij technische keuzes, zoals de keuze voor het framework of voor de aanbevolen libraries, de interactie met andere bestaande diensten, de veiligheidsaspecten, specifieke vertrouwelijkheidselementen waar u rekening mee moet houden, interoperabiliteit, performantie, optimalisering, &#8230;<\/p>\n<p>Dankzij hun <strong>macroscopische kennis<\/strong> van de verschillende toepassingen en interactie (meer bepaald dankzij het in kaart brengen van de applicaties) vormen ze het centrale aanspreekpunt voor al uw ontwikkelaars. Hun grootste troef? Als technische leiders zijn ze perfect in staat om de <strong>verschillende software-projecten van uw onderneming op elkaar af te stemmen<\/strong> en zo overlappingen te vermijden (bijvoorbeeld door een tussendienst voor te stellen die door beide betrokken partijen gebruikt kan worden).[\/vc_column_text]<style type=\"text\/css\" data-type=\"the7_shortcodes-inline-css\">#default-btn-f9c38c1721b969994417882cbd49f29a.ico-right-side > i {\n  margin-right: 0px;\n  margin-left: 8px;\n}\n#default-btn-f9c38c1721b969994417882cbd49f29a > i {\n  margin-right: 8px;\n}\n<\/style><a href=\"https:\/\/www.genesis-consult.com\/nl\/contact\/\" class=\"default-btn-shortcode dt-btn dt-btn-m fadeInLeft animate-element animation-builder link-hover-off ico-right-side btn-inline-left \" id=\"default-btn-f9c38c1721b969994417882cbd49f29a\" title=\"Contact\"><span>Contact opnemen<\/span><i class=\"icomoon-the7-font-the7-arrow-29-2\"><\/i><\/a>[\/vc_column][vc_column width=&#8221;1\/2&#8243;][vc_single_image image=&#8221;1169&#8243; img_size=&#8221;800&#215;800&#8243; alignment=&#8221;right&#8221;][\/vc_column][\/vc_row][vc_row gap=&#8221;30&#8243; equal_height=&#8221;yes&#8221; el_class=&#8221;custom-animate&#8221;][vc_column][vc_column_text]<\/p>\n<h2><span class=\"h3-size\" style=\"opacity: .7;\">De competenties en taken <\/span><br \/>\nvan onze consultants in IT-architectuur<\/h2>\n<p>[\/vc_column_text]<div class=\"hr-thin style-line hr-left\" style=\"width: 80%;border-top-width: 1px;\"><\/div>[vc_column_text]Parce qu\u2019assurer la continuit\u00e9 et l\u2019excellence de vos projets est essentiel \u00e0 nos yeux, nos consultants, agiles et rigoureux, sont form\u00e9s \u00e0 r\u00e9pondre \u00e0 l\u2019ensemble de vos besoins. Le m\u00e9tier d\u2019architecte de syst\u00e8me logiciel, en effet, est tr\u00e8s vaste et demande <strong>une palette de comp\u00e9tences assez importante et vari\u00e9e<\/strong>. Parmi elles, citons entre autres\u00a0:[\/vc_column_text][\/vc_column][\/vc_row][vc_row gap=&#8221;30&#8243; equal_height=&#8221;yes&#8221; el_class=&#8221;custom-animate&#8221;][vc_column css_animation=&#8221;fadeInLeft&#8221; width=&#8221;1\/3&#8243; css=&#8221;.vc_custom_1594305428010{padding-top: 30px !important;padding-right: 30px !important;padding-bottom: 30px !important;padding-left: 30px !important;background-color: #254f78 !important;}&#8221;][vc_single_image image=&#8221;1133&#8243; img_size=&#8221;120&#215;120&#8243; alignment=&#8221;center&#8221; css_animation=&#8221;fadeInUp&#8221; css=&#8221;.vc_custom_1606479339162{margin-bottom: 15px !important;}&#8221;][vc_column_text el_class=&#8221;custom-white&#8221; css=&#8221;.vc_custom_1614267263827{margin-bottom: 0px !important;}&#8221;]Een vraag kunnen begrijpen en synthetiseren om een juiste selectie van software te kunnen maken.[\/vc_column_text][\/vc_column][vc_column css_animation=&#8221;fadeInLeft&#8221; width=&#8221;1\/3&#8243; css=&#8221;.vc_custom_1594305423670{padding-top: 30px !important;padding-right: 30px !important;padding-bottom: 30px !important;padding-left: 30px !important;background-color: #254f78 !important;}&#8221;][vc_single_image image=&#8221;1133&#8243; img_size=&#8221;120&#215;120&#8243; alignment=&#8221;center&#8221; css_animation=&#8221;fadeInUp&#8221; css=&#8221;.vc_custom_1606479339162{margin-bottom: 15px !important;}&#8221;][vc_column_text el_class=&#8221;custom-white&#8221; css=&#8221;.vc_custom_1614267271916{margin-bottom: 0px !important;}&#8221;]De nood aan een <strong>technologisch toezicht<\/strong> en aan een <strong>permanente opleiding<\/strong>, om zo te experimenteren en verbeteringen voor te stellen voor bestaande, maar verouderde systemen.[\/vc_column_text][\/vc_column][vc_column css_animation=&#8221;fadeInLeft&#8221; width=&#8221;1\/3&#8243; css=&#8221;.vc_custom_1606480489988{padding-top: 30px !important;padding-right: 30px !important;padding-bottom: 30px !important;padding-left: 30px !important;background-color: #254f78 !important;}&#8221;][vc_single_image image=&#8221;1133&#8243; img_size=&#8221;120&#215;120&#8243; alignment=&#8221;center&#8221; css_animation=&#8221;fadeInUp&#8221; css=&#8221;.vc_custom_1606479339162{margin-bottom: 15px !important;}&#8221;][vc_column_text el_class=&#8221;custom-white&#8221; css=&#8221;.vc_custom_1614267281579{margin-bottom: 0px !important;}&#8221;]<strong>Kennis van de meest gebruikte systemen in software-architectuur.<\/strong>[\/vc_column_text][\/vc_column][\/vc_row][vc_row gap=&#8221;30&#8243; equal_height=&#8221;yes&#8221; el_class=&#8221;custom-animate&#8221;][vc_column css_animation=&#8221;fadeInLeft&#8221; width=&#8221;1\/3&#8243; css=&#8221;.vc_custom_1594305428010{padding-top: 30px !important;padding-right: 30px !important;padding-bottom: 30px !important;padding-left: 30px !important;background-color: #254f78 !important;}&#8221;][vc_single_image image=&#8221;1133&#8243; img_size=&#8221;120&#215;120&#8243; alignment=&#8221;center&#8221; css_animation=&#8221;fadeInUp&#8221; css=&#8221;.vc_custom_1606479339162{margin-bottom: 15px !important;}&#8221;][vc_column_text el_class=&#8221;custom-white&#8221; css=&#8221;.vc_custom_1614267289398{margin-bottom: 0px !important;}&#8221;]Het <strong>opstellen van een<\/strong> <strong>technische documentatie <\/strong>die een antwoordt biedt op alle mogelijke vragen die bij de implementering van de applicatie komen kijken.[\/vc_column_text][\/vc_column][vc_column css_animation=&#8221;fadeInLeft&#8221; width=&#8221;1\/3&#8243; css=&#8221;.vc_custom_1594305423670{padding-top: 30px !important;padding-right: 30px !important;padding-bottom: 30px !important;padding-left: 30px !important;background-color: #254f78 !important;}&#8221;][vc_single_image image=&#8221;1133&#8243; img_size=&#8221;120&#215;120&#8243; alignment=&#8221;center&#8221; css_animation=&#8221;fadeInUp&#8221; css=&#8221;.vc_custom_1606479339162{margin-bottom: 15px !important;}&#8221;][vc_column_text el_class=&#8221;custom-white&#8221; css=&#8221;.vc_custom_1614267297083{margin-bottom: 0px !important;}&#8221;]Het vermogen om <strong>op de hoogte te blijven van de voorgang van alle toegewezen projecten<\/strong>, om zo de vragen van de ontwikkelaars van een project te kunnen toewijzen aan het meest aangewezen team.[\/vc_column_text][\/vc_column][vc_column css_animation=&#8221;fadeInLeft&#8221; width=&#8221;1\/3&#8243; css=&#8221;.vc_custom_1606480554216{padding-top: 30px !important;padding-right: 30px !important;padding-bottom: 30px !important;padding-left: 30px !important;background-color: #254f78 !important;}&#8221;][vc_single_image image=&#8221;1133&#8243; img_size=&#8221;120&#215;120&#8243; alignment=&#8221;center&#8221; css_animation=&#8221;fadeInUp&#8221; css=&#8221;.vc_custom_1606479339162{margin-bottom: 15px !important;}&#8221;][vc_column_text el_class=&#8221;custom-white&#8221; css=&#8221;.vc_custom_1614267304519{margin-bottom: 0px !important;}&#8221;]<strong>De begeleiding van de IT-ontwikkelaars<\/strong> tijdens de volledige levenscyclus van de applicatie-ontwikkeling.[\/vc_column_text][\/vc_column][\/vc_row][vc_row gap=&#8221;30&#8243; equal_height=&#8221;yes&#8221; el_class=&#8221;custom-animate&#8221;][vc_column css_animation=&#8221;fadeInLeft&#8221; width=&#8221;1\/3&#8243; css=&#8221;.vc_custom_1594305428010{padding-top: 30px !important;padding-right: 30px !important;padding-bottom: 30px !important;padding-left: 30px !important;background-color: #254f78 !important;}&#8221;][vc_single_image image=&#8221;1133&#8243; img_size=&#8221;120&#215;120&#8243; alignment=&#8221;center&#8221; css_animation=&#8221;fadeInUp&#8221; css=&#8221;.vc_custom_1606479339162{margin-bottom: 15px !important;}&#8221;][vc_column_text el_class=&#8221;custom-white&#8221; css=&#8221;.vc_custom_1614267312491{margin-bottom: 0px !important;}&#8221;]Het <strong>beheer van beroepsgerelateerde vragen<\/strong>, het vermogen om onmogelijke vragen of vragen die niet binnen het project vallen te stroomlijnen en, indien nodig, door te sturen naar een andere, bestaande oplossing.[\/vc_column_text][\/vc_column][vc_column css_animation=&#8221;fadeInLeft&#8221; width=&#8221;1\/3&#8243; css=&#8221;.vc_custom_1594305423670{padding-top: 30px !important;padding-right: 30px !important;padding-bottom: 30px !important;padding-left: 30px !important;background-color: #254f78 !important;}&#8221;][vc_single_image image=&#8221;1133&#8243; img_size=&#8221;120&#215;120&#8243; alignment=&#8221;center&#8221; css_animation=&#8221;fadeInUp&#8221; css=&#8221;.vc_custom_1606479339162{margin-bottom: 15px !important;}&#8221;][vc_column_text el_class=&#8221;custom-white&#8221; css=&#8221;.vc_custom_1614267319388{margin-bottom: 0px !important;}&#8221;]Het vermogen om <strong>de betrouwbaarheid en de goede werking<\/strong> van de ontwikkelde applicaties te garanderen.[\/vc_column_text][\/vc_column][vc_column css_animation=&#8221;fadeInLeft&#8221; width=&#8221;1\/3&#8243; css=&#8221;.vc_custom_1606480565384{padding-top: 30px !important;padding-right: 30px !important;padding-bottom: 30px !important;padding-left: 30px !important;background-color: #254f78 !important;}&#8221;][vc_single_image image=&#8221;1133&#8243; img_size=&#8221;120&#215;120&#8243; alignment=&#8221;center&#8221; css_animation=&#8221;fadeInUp&#8221; css=&#8221;.vc_custom_1606479339162{margin-bottom: 15px !important;}&#8221;][vc_column_text el_class=&#8221;custom-white&#8221; css=&#8221;.vc_custom_1614267323786{margin-bottom: 0px !important;}&#8221;]De <strong>definitie van communicatie- en veiligheidsprotocollen<\/strong> die gebruikt moeten worden in het kader van oproepen tussen applicaties onderling.[\/vc_column_text][\/vc_column][\/vc_row][vc_row gap=&#8221;30&#8243; content_placement=&#8221;middle&#8221; bg_type=&#8221;bg_color&#8221; bg_override=&#8221;ex-full&#8221; el_class=&#8221;custom-bg-l&#8221; css=&#8221;.vc_custom_1606482156529{margin-top: 100px !important;margin-bottom: 100px !important;}&#8221;][vc_column width=&#8221;1\/2&#8243;][vc_single_image image=&#8221;1159&#8243; img_size=&#8221;400&#215;400&#8243; alignment=&#8221;right&#8221;][\/vc_column][vc_column width=&#8221;1\/2&#8243;][vc_column_text]Op basis van hun sterke kennis van wat er reeds binnen de onderneming voorhanden is en op basis van hun continue vorming, zijn de consultants van <strong>Genesis Consult<\/strong> in staat om zichzelf steeds opnieuw in vraag te stellen. Hierdoor kunnen ze u begeleiden en zorgen ze ervoor dat uw teams van applicatie-ontwikkelaars de beste resultaten behalen.[\/vc_column_text][\/vc_column][\/vc_row][vc_row gap=&#8221;30&#8243; content_placement=&#8221;middle&#8221; bg_type=&#8221;bg_color&#8221; el_class=&#8221;custom-bg-l&#8221; css=&#8221;.vc_custom_1597222342435{padding-right: 30px !important;padding-bottom: 30px !important;padding-left: 30px !important;}&#8221; bg_color_value=&#8221;#ffffff&#8221;][vc_column width=&#8221;1\/3&#8243;][vc_single_image image=&#8221;1173&#8243; img_size=&#8221;500&#215;600&#8243; alignment=&#8221;right&#8221; css=&#8221;.vc_custom_1612257995303{margin-bottom: 0px !important;}&#8221;][\/vc_column][vc_column width=&#8221;2\/3&#8243;][vc_column_text]<\/p>\n<h2><span class=\"h3-size\" style=\"opacity: .7;\">Hoe word je software-architect <\/span><br \/>\nbij Genesis Consult?<\/h2>\n<p>[\/vc_column_text]<div class=\"hr-thin style-line hr-left\" style=\"width: 80%;border-top-width: 1px;\"><\/div>[vc_column_text]Beschik je over een hogere opleiding informatica en sta je open voor een nieuw professioneel avontuur? Wij werven aan!<\/p>\n<p>Raadpleeg onze vele vacatures, zeker voor de architectuur van informaticasystemen, en vind de job die bij jouw technische en relationele competenties aansluit. Consultant op zelfstandige basis, als freelancer of in vast dienstverband; ons wervingsbureau is constant op zoek naar nieuwe profielen.[\/vc_column_text]<style type=\"text\/css\" data-type=\"the7_shortcodes-inline-css\">#default-btn-c3cec79a7719ff720b712677aeb3ed3c.ico-right-side > i {\n  margin-right: 0px;\n  margin-left: 8px;\n}\n#default-btn-c3cec79a7719ff720b712677aeb3ed3c > i {\n  margin-right: 8px;\n}\n<\/style><a href=\"https:\/\/www.genesis-consult.com\/nl\/jobs\/\" class=\"default-btn-shortcode dt-btn dt-btn-m fadeInLeft animate-element animation-builder link-hover-off ico-right-side btn-inline-left \" id=\"default-btn-c3cec79a7719ff720b712677aeb3ed3c\" title=\"Jobs\"><span>Bekijk de vacatures<\/span><i class=\"icomoon-the7-font-the7-arrow-29-2\"><\/i><\/a>[\/vc_column][\/vc_row]<\/p>\n<\/section>","protected":false},"excerpt":{"rendered":"<p>[vc_row full_width=&#8221;stretch_row_content_no_spaces&#8221; equal_height=&#8221;yes&#8221; content_placement=&#8221;middle&#8221; bg_type=&#8221;image&#8221; parallax_style=&#8221;vcpb-default&#8221; bg_image_new=&#8221;id^666|url^https:\/\/www.genesis-consult.com\/wp-content\/uploads\/2021\/02\/bandeau-architecture.jpg|caption^null|alt^null|title^bandeau-architecture|description^null&#8221; bg_image_repeat=&#8221;no-repeat&#8221; bg_image_posiiton=&#8221;bottom right&#8221; bg_override=&#8221;ex-full&#8221;][vc_column css=&#8221;.vc_custom_1599056991227{padding-top: 50px !important;padding-right: 40px !important;padding-bottom: 30px !important;padding-left: 40px !important;background-position: center !important;background-repeat: no-repeat !important;background-size: cover !important;}&#8221; el_class=&#8221;custom-bg custom-height&#8221;][vc_row_inner][vc_column_inner offset=&#8221;vc_col-lg-6&#8243;][vc_column_text el_class=&#8221;custom-heading&#8221;] Onze consultants in software-architectuur [\/vc_column_text][\/vc_column_inner][\/vc_row_inner][\/vc_column][vc_column css_animation=&#8221;fadeInLeft&#8221; width=&#8221;3\/5&#8243; css=&#8221;.vc_custom_1594305408997{padding-top: 20px !important;padding-right: 20px !important;padding-bottom: 20px !important;padding-left: 20px !important;background-color: #254f78 !important;}&#8221; el_class=&#8221;custom-white&#8221;][vc_column_text el_class=&#8221;custom-white&#8221; css=&#8221;.vc_custom_1614267195290{margin-top: 15px !important;margin-bottom: 15px !important;}&#8221;]Een&hellip;<\/p>\n","protected":false},"author":12,"featured_media":0,"parent":1290,"menu_order":5,"comment_status":"closed","ping_status":"closed","template":"","meta":{"footnotes":""},"class_list":["post-1326","page","type-page","status-publish","hentry","description-off"],"yoast_head":"<!-- This site is optimized with the Yoast SEO plugin v27.5 - https:\/\/yoast.com\/product\/yoast-seo-wordpress\/ -->\n<title>Onze consultants in IT software-architectuur | Genesis Consult<\/title>\n<meta name=\"description\" content=\"Een consultant-expert om uw technische oplossingen te analyseren en uw software-developers te ondersteunen.\" \/>\n<meta name=\"robots\" content=\"index, follow, max-snippet:-1, max-image-preview:large, max-video-preview:-1\" \/>\n<link rel=\"canonical\" href=\"https:\/\/www.genesis-consult.com\/nl\/it-consultancy\/architectuur\/\" \/>\n<meta property=\"og:locale\" content=\"nl_NL\" \/>\n<meta property=\"og:type\" content=\"article\" \/>\n<meta property=\"og:title\" content=\"Onze consultants in IT software-architectuur | Genesis Consult\" \/>\n<meta property=\"og:description\" content=\"Een consultant-expert om uw technische oplossingen te analyseren en uw software-developers te ondersteunen.\" \/>\n<meta property=\"og:url\" content=\"https:\/\/www.genesis-consult.com\/nl\/it-consultancy\/architectuur\/\" \/>\n<meta property=\"og:site_name\" content=\"Genesis Consult\" \/>\n<meta property=\"article:modified_time\" content=\"2021-03-02T07:43:47+00:00\" \/>\n<meta name=\"twitter:card\" content=\"summary_large_image\" \/>\n<meta name=\"twitter:label1\" content=\"Geschatte leestijd\" \/>\n\t<meta name=\"twitter:data1\" content=\"4 minuten\" \/>\n<script type=\"application\/ld+json\" class=\"yoast-schema-graph\">{\"@context\":\"https:\\\/\\\/schema.org\",\"@graph\":[{\"@type\":\"WebPage\",\"@id\":\"https:\\\/\\\/www.genesis-consult.com\\\/nl\\\/it-consultancy\\\/architectuur\\\/\",\"url\":\"https:\\\/\\\/www.genesis-consult.com\\\/nl\\\/it-consultancy\\\/architectuur\\\/\",\"name\":\"Onze consultants in IT software-architectuur | Genesis Consult\",\"isPartOf\":{\"@id\":\"https:\\\/\\\/www.genesis-consult.com\\\/#website\"},\"datePublished\":\"2020-07-09T09:05:58+00:00\",\"dateModified\":\"2021-03-02T07:43:47+00:00\",\"description\":\"Een consultant-expert om uw technische oplossingen te analyseren en uw software-developers te ondersteunen.\",\"breadcrumb\":{\"@id\":\"https:\\\/\\\/www.genesis-consult.com\\\/nl\\\/it-consultancy\\\/architectuur\\\/#breadcrumb\"},\"inLanguage\":\"nl-NL\",\"potentialAction\":[{\"@type\":\"ReadAction\",\"target\":[\"https:\\\/\\\/www.genesis-consult.com\\\/nl\\\/it-consultancy\\\/architectuur\\\/\"]}]},{\"@type\":\"BreadcrumbList\",\"@id\":\"https:\\\/\\\/www.genesis-consult.com\\\/nl\\\/it-consultancy\\\/architectuur\\\/#breadcrumb\",\"itemListElement\":[{\"@type\":\"ListItem\",\"position\":1,\"name\":\"Home\",\"item\":\"https:\\\/\\\/www.genesis-consult.com\\\/nl\\\/\"},{\"@type\":\"ListItem\",\"position\":2,\"name\":\"IT-consultancy\",\"item\":\"https:\\\/\\\/www.genesis-consult.com\\\/nl\\\/it-consultancy\\\/\"},{\"@type\":\"ListItem\",\"position\":3,\"name\":\"Architectuur\"}]},{\"@type\":\"WebSite\",\"@id\":\"https:\\\/\\\/www.genesis-consult.com\\\/#website\",\"url\":\"https:\\\/\\\/www.genesis-consult.com\\\/\",\"name\":\"Genesis Consult\",\"description\":\"\",\"potentialAction\":[{\"@type\":\"SearchAction\",\"target\":{\"@type\":\"EntryPoint\",\"urlTemplate\":\"https:\\\/\\\/www.genesis-consult.com\\\/?s={search_term_string}\"},\"query-input\":{\"@type\":\"PropertyValueSpecification\",\"valueRequired\":true,\"valueName\":\"search_term_string\"}}],\"inLanguage\":\"nl-NL\"}]}<\/script>\n<!-- \/ Yoast SEO plugin. -->","yoast_head_json":{"title":"Onze consultants in IT software-architectuur | Genesis Consult","description":"Een consultant-expert om uw technische oplossingen te analyseren en uw software-developers te ondersteunen.","robots":{"index":"index","follow":"follow","max-snippet":"max-snippet:-1","max-image-preview":"max-image-preview:large","max-video-preview":"max-video-preview:-1"},"canonical":"https:\/\/www.genesis-consult.com\/nl\/it-consultancy\/architectuur\/","og_locale":"nl_NL","og_type":"article","og_title":"Onze consultants in IT software-architectuur | Genesis Consult","og_description":"Een consultant-expert om uw technische oplossingen te analyseren en uw software-developers te ondersteunen.","og_url":"https:\/\/www.genesis-consult.com\/nl\/it-consultancy\/architectuur\/","og_site_name":"Genesis Consult","article_modified_time":"2021-03-02T07:43:47+00:00","twitter_card":"summary_large_image","twitter_misc":{"Geschatte leestijd":"4 minuten"},"schema":{"@context":"https:\/\/schema.org","@graph":[{"@type":"WebPage","@id":"https:\/\/www.genesis-consult.com\/nl\/it-consultancy\/architectuur\/","url":"https:\/\/www.genesis-consult.com\/nl\/it-consultancy\/architectuur\/","name":"Onze consultants in IT software-architectuur | Genesis Consult","isPartOf":{"@id":"https:\/\/www.genesis-consult.com\/#website"},"datePublished":"2020-07-09T09:05:58+00:00","dateModified":"2021-03-02T07:43:47+00:00","description":"Een consultant-expert om uw technische oplossingen te analyseren en uw software-developers te ondersteunen.","breadcrumb":{"@id":"https:\/\/www.genesis-consult.com\/nl\/it-consultancy\/architectuur\/#breadcrumb"},"inLanguage":"nl-NL","potentialAction":[{"@type":"ReadAction","target":["https:\/\/www.genesis-consult.com\/nl\/it-consultancy\/architectuur\/"]}]},{"@type":"BreadcrumbList","@id":"https:\/\/www.genesis-consult.com\/nl\/it-consultancy\/architectuur\/#breadcrumb","itemListElement":[{"@type":"ListItem","position":1,"name":"Home","item":"https:\/\/www.genesis-consult.com\/nl\/"},{"@type":"ListItem","position":2,"name":"IT-consultancy","item":"https:\/\/www.genesis-consult.com\/nl\/it-consultancy\/"},{"@type":"ListItem","position":3,"name":"Architectuur"}]},{"@type":"WebSite","@id":"https:\/\/www.genesis-consult.com\/#website","url":"https:\/\/www.genesis-consult.com\/","name":"Genesis Consult","description":"","potentialAction":[{"@type":"SearchAction","target":{"@type":"EntryPoint","urlTemplate":"https:\/\/www.genesis-consult.com\/?s={search_term_string}"},"query-input":{"@type":"PropertyValueSpecification","valueRequired":true,"valueName":"search_term_string"}}],"inLanguage":"nl-NL"}]}},"_links":{"self":[{"href":"https:\/\/www.genesis-consult.com\/nl\/wp-json\/wp\/v2\/pages\/1326","targetHints":{"allow":["GET"]}}],"collection":[{"href":"https:\/\/www.genesis-consult.com\/nl\/wp-json\/wp\/v2\/pages"}],"about":[{"href":"https:\/\/www.genesis-consult.com\/nl\/wp-json\/wp\/v2\/types\/page"}],"author":[{"embeddable":true,"href":"https:\/\/www.genesis-consult.com\/nl\/wp-json\/wp\/v2\/users\/12"}],"replies":[{"embeddable":true,"href":"https:\/\/www.genesis-consult.com\/nl\/wp-json\/wp\/v2\/comments?post=1326"}],"version-history":[{"count":4,"href":"https:\/\/www.genesis-consult.com\/nl\/wp-json\/wp\/v2\/pages\/1326\/revisions"}],"predecessor-version":[{"id":1481,"href":"https:\/\/www.genesis-consult.com\/nl\/wp-json\/wp\/v2\/pages\/1326\/revisions\/1481"}],"up":[{"embeddable":true,"href":"https:\/\/www.genesis-consult.com\/nl\/wp-json\/wp\/v2\/pages\/1290"}],"wp:attachment":[{"href":"https:\/\/www.genesis-consult.com\/nl\/wp-json\/wp\/v2\/media?parent=1326"}],"curies":[{"name":"wp","href":"https:\/\/api.w.org\/{rel}","templated":true}]}}